{"id":5273,"date":"2022-06-08T09:23:39","date_gmt":"2022-06-08T06:23:39","guid":{"rendered":"https:\/\/jumbo.heku.fi\/etusivu\/"},"modified":"2026-01-08T12:40:55","modified_gmt":"2026-01-08T10:40:55","slug":"etusivu","status":"publish","type":"page","link":"https:\/\/jumbo.heku.fi\/en\/","title":{"rendered":"Front page"},"content":{"rendered":"<p>The best of days will soon be here again when Py\u00f6re\u00e4t P\u00e4iv\u00e4t price campaign kicks off the spring. The event, which runs from Thursday to Sunday 26.2.-1.3., consists of the best offers in the stores and attracts your customers to shop.<\/p>\n<p>The offers in electronic format will be saved on the Jumbo.fi website under the campaign theme of \u201cPy\u00f6re\u00e4t P\u00e4iv\u00e4t\u201d. Offers can be saved through Jumbo\u2019s WordPress from 9.1. until the end of the campaign days. Questions related to entering offers on the Jumbo.fi website: <a href=\"mailto:markkinointi@jumbo.fi\">markkinointi@jumbo.fi<\/a><\/p>\n<p>If you have any questions about signing up or submission of printed materials, you can contact <a href=\"mailto:jumbo@heku.fi\">jumbo@heku.fi<\/a>.<\/p>\n","protected":false},"excerpt":{"rendered":"<p>The best of days will soon be here again when Py\u00f6re\u00e4t P\u00e4iv\u00e4t price campaign kicks off the spring. The event, which runs from Thursday to Sunday 26.2.-1.3., consists of the best offers in the stores and attracts your customers to shop. The offers in electronic format will be saved on the Jumbo.fi website under the [&hellip;]<\/p>\n","protected":false},"author":1,"featured_media":0,"parent":0,"menu_order":0,"comment_status":"closed","ping_status":"closed","template":"","meta":{"_acf_changed":false,"footnotes":""},"class_list":["post-5273","page","type-page","status-publish","hentry"],"acf":[],"yoast_head":"<!-- This site is optimized with the Yoast SEO plugin v26.7 - https:\/\/yoast.com\/wordpress\/plugins\/seo\/ -->\n<title>Front page - Jumbo Py\u00f6re\u00e4t P\u00e4iv\u00e4t<\/title>\n<meta name=\"robots\" content=\"noindex, follow, max-snippet:-1, max-image-preview:large, max-video-preview:-1\" \/>\n<meta property=\"og:locale\" content=\"en_US\" \/>\n<meta property=\"og:type\" content=\"article\" \/>\n<meta property=\"og:title\" content=\"Front page - Jumbo Py\u00f6re\u00e4t P\u00e4iv\u00e4t\" \/>\n<meta property=\"og:description\" content=\"The best of days will soon be here again when Py\u00f6re\u00e4t P\u00e4iv\u00e4t price campaign kicks off the spring. The event, which runs from Thursday to Sunday 26.2.-1.3., consists of the best offers in the stores and attracts your customers to shop. The offers in electronic format will be saved on the Jumbo.fi website under the [&hellip;]\" \/>\n<meta property=\"og:url\" content=\"https:\/\/jumbo.heku.fi\/en\/\" \/>\n<meta property=\"og:site_name\" content=\"Jumbo Py\u00f6re\u00e4t P\u00e4iv\u00e4t\" \/>\n<meta property=\"article:modified_time\" content=\"2026-01-08T10:40:55+00:00\" \/>\n<meta name=\"twitter:card\" content=\"summary_large_image\" \/>\n<meta name=\"twitter:label1\" content=\"Est. reading time\" \/>\n\t<meta name=\"twitter:data1\" content=\"1 minute\" \/>\n<script type=\"application\/ld+json\" class=\"yoast-schema-graph\">{\"@context\":\"https:\/\/schema.org\",\"@graph\":[{\"@type\":\"WebPage\",\"@id\":\"https:\/\/jumbo.heku.fi\/en\/\",\"url\":\"https:\/\/jumbo.heku.fi\/en\/\",\"name\":\"Front page - Jumbo Py\u00f6re\u00e4t P\u00e4iv\u00e4t\",\"isPartOf\":{\"@id\":\"https:\/\/jumbo.heku.fi\/#website\"},\"datePublished\":\"2022-06-08T06:23:39+00:00\",\"dateModified\":\"2026-01-08T10:40:55+00:00\",\"breadcrumb\":{\"@id\":\"https:\/\/jumbo.heku.fi\/en\/#breadcrumb\"},\"inLanguage\":\"en-US\",\"potentialAction\":[{\"@type\":\"ReadAction\",\"target\":[\"https:\/\/jumbo.heku.fi\/en\/\"]}]},{\"@type\":\"BreadcrumbList\",\"@id\":\"https:\/\/jumbo.heku.fi\/en\/#breadcrumb\",\"itemListElement\":[{\"@type\":\"ListItem\",\"position\":1,\"name\":\"Etusivu\",\"item\":\"https:\/\/jumbo.heku.fi\/en\/\"},{\"@type\":\"ListItem\",\"position\":2,\"name\":\"Front page\"}]},{\"@type\":\"WebSite\",\"@id\":\"https:\/\/jumbo.heku.fi\/#website\",\"url\":\"https:\/\/jumbo.heku.fi\/\",\"name\":\"Jumbo Py\u00f6re\u00e4t P\u00e4iv\u00e4t\",\"description\":\"\",\"potentialAction\":[{\"@type\":\"SearchAction\",\"target\":{\"@type\":\"EntryPoint\",\"urlTemplate\":\"https:\/\/jumbo.heku.fi\/?s={search_term_string}\"},\"query-input\":{\"@type\":\"PropertyValueSpecification\",\"valueRequired\":true,\"valueName\":\"search_term_string\"}}],\"inLanguage\":\"en-US\"}]}<\/script>\n<!-- \/ Yoast SEO plugin. -->","yoast_head_json":{"title":"Front page - Jumbo Py\u00f6re\u00e4t P\u00e4iv\u00e4t","robots":{"index":"noindex","follow":"follow","max-snippet":"max-snippet:-1","max-image-preview":"max-image-preview:large","max-video-preview":"max-video-preview:-1"},"og_locale":"en_US","og_type":"article","og_title":"Front page - Jumbo Py\u00f6re\u00e4t P\u00e4iv\u00e4t","og_description":"The best of days will soon be here again when Py\u00f6re\u00e4t P\u00e4iv\u00e4t price campaign kicks off the spring. The event, which runs from Thursday to Sunday 26.2.-1.3., consists of the best offers in the stores and attracts your customers to shop. The offers in electronic format will be saved on the Jumbo.fi website under the [&hellip;]","og_url":"https:\/\/jumbo.heku.fi\/en\/","og_site_name":"Jumbo Py\u00f6re\u00e4t P\u00e4iv\u00e4t","article_modified_time":"2026-01-08T10:40:55+00:00","twitter_card":"summary_large_image","twitter_misc":{"Est. reading time":"1 minute"},"schema":{"@context":"https:\/\/schema.org","@graph":[{"@type":"WebPage","@id":"https:\/\/jumbo.heku.fi\/en\/","url":"https:\/\/jumbo.heku.fi\/en\/","name":"Front page - Jumbo Py\u00f6re\u00e4t P\u00e4iv\u00e4t","isPartOf":{"@id":"https:\/\/jumbo.heku.fi\/#website"},"datePublished":"2022-06-08T06:23:39+00:00","dateModified":"2026-01-08T10:40:55+00:00","breadcrumb":{"@id":"https:\/\/jumbo.heku.fi\/en\/#breadcrumb"},"inLanguage":"en-US","potentialAction":[{"@type":"ReadAction","target":["https:\/\/jumbo.heku.fi\/en\/"]}]},{"@type":"BreadcrumbList","@id":"https:\/\/jumbo.heku.fi\/en\/#breadcrumb","itemListElement":[{"@type":"ListItem","position":1,"name":"Etusivu","item":"https:\/\/jumbo.heku.fi\/en\/"},{"@type":"ListItem","position":2,"name":"Front page"}]},{"@type":"WebSite","@id":"https:\/\/jumbo.heku.fi\/#website","url":"https:\/\/jumbo.heku.fi\/","name":"Jumbo Py\u00f6re\u00e4t P\u00e4iv\u00e4t","description":"","potentialAction":[{"@type":"SearchAction","target":{"@type":"EntryPoint","urlTemplate":"https:\/\/jumbo.heku.fi\/?s={search_term_string}"},"query-input":{"@type":"PropertyValueSpecification","valueRequired":true,"valueName":"search_term_string"}}],"inLanguage":"en-US"}]}},"_links":{"self":[{"href":"https:\/\/jumbo.heku.fi\/en\/wp-json\/wp\/v2\/pages\/5273","targetHints":{"allow":["GET"]}}],"collection":[{"href":"https:\/\/jumbo.heku.fi\/en\/wp-json\/wp\/v2\/pages"}],"about":[{"href":"https:\/\/jumbo.heku.fi\/en\/wp-json\/wp\/v2\/types\/page"}],"author":[{"embeddable":true,"href":"https:\/\/jumbo.heku.fi\/en\/wp-json\/wp\/v2\/users\/1"}],"replies":[{"embeddable":true,"href":"https:\/\/jumbo.heku.fi\/en\/wp-json\/wp\/v2\/comments?post=5273"}],"version-history":[{"count":13,"href":"https:\/\/jumbo.heku.fi\/en\/wp-json\/wp\/v2\/pages\/5273\/revisions"}],"predecessor-version":[{"id":5361,"href":"https:\/\/jumbo.heku.fi\/en\/wp-json\/wp\/v2\/pages\/5273\/revisions\/5361"}],"wp:attachment":[{"href":"https:\/\/jumbo.heku.fi\/en\/wp-json\/wp\/v2\/media?parent=5273"}],"curies":[{"name":"wp","href":"https:\/\/api.w.org\/{rel}","templated":true}]}}